{"id":876,"date":"2021-05-19T13:15:02","date_gmt":"2021-05-19T13:15:02","guid":{"rendered":"https:\/\/kodas.ee\/62-2\/"},"modified":"2026-03-20T15:40:38","modified_gmt":"2026-03-20T15:40:38","slug":"62-2","status":"publish","type":"page","link":"https:\/\/kodas.ee\/et\/","title":{"rendered":"Home page"},"content":{"rendered":"","protected":false},"excerpt":{"rendered":"","protected":false},"author":1,"featured_media":0,"parent":0,"menu_order":0,"comment_status":"closed","ping_status":"closed","template":"template-hero.php","meta":{"footnotes":""},"folder":[],"class_list":["post-876","page","type-page","status-publish","hentry"],"yoast_head":"<!-- This site is optimized with the Yoast SEO plugin v19.9 - https:\/\/yoast.com\/wordpress\/plugins\/seo\/ -->\n<title>Home page | Kodas | Maitsev ja j\u00e4tkusuutlik<\/title>\n<meta name=\"description\" content=\"Usume, et need, kes me oleme, on peegeldus sellest, mida me s\u00f6\u00f6me. Et kvaliteetsest toidust tuleb kvaliteetne elu.\" \/>\n<meta name=\"robots\" content=\"index, follow, max-snippet:-1, max-image-preview:large, max-video-preview:-1\" \/>\n<link rel=\"canonical\" href=\"https:\/\/kodas.ee\/et\/\" \/>\n<meta property=\"og:locale\" content=\"et_EE\" \/>\n<meta property=\"og:type\" content=\"article\" \/>\n<meta property=\"og:title\" content=\"Home page | Kodas | Maitsev ja j\u00e4tkusuutlik\" \/>\n<meta property=\"og:description\" content=\"Usume, et need, kes me oleme, on peegeldus sellest, mida me s\u00f6\u00f6me. Et kvaliteetsest toidust tuleb kvaliteetne elu.\" \/>\n<meta property=\"og:url\" content=\"https:\/\/kodas.ee\/et\/\" \/>\n<meta property=\"og:site_name\" content=\"Kodas | Maitsev ja j\u00e4tkusuutlik\" \/>\n<meta property=\"article:modified_time\" content=\"2026-03-20T15:40:38+00:00\" \/>\n<meta property=\"og:image\" content=\"https:\/\/kodas.ee\/wp-content\/uploads\/2021\/05\/branchApples.jpg\" \/>\n<meta name=\"twitter:card\" content=\"summary_large_image\" \/>\n<meta name=\"twitter:image\" content=\"https:\/\/kodas.ee\/wp-content\/uploads\/2021\/05\/branchApples.jpg\" \/>\n<script type=\"application\/ld+json\" class=\"yoast-schema-graph\">{\"@context\":\"https:\/\/schema.org\",\"@graph\":[{\"@type\":\"WebPage\",\"@id\":\"https:\/\/kodas.ee\/et\/\",\"url\":\"https:\/\/kodas.ee\/et\/\",\"name\":\"Home page | Kodas | Maitsev ja j\u00e4tkusuutlik\",\"isPartOf\":{\"@id\":\"https:\/\/kodas.ee\/et\/#website\"},\"datePublished\":\"2021-05-19T13:15:02+00:00\",\"dateModified\":\"2026-03-20T15:40:38+00:00\",\"description\":\"Usume, et need, kes me oleme, on peegeldus sellest, mida me s\u00f6\u00f6me. Et kvaliteetsest toidust tuleb kvaliteetne elu.\",\"breadcrumb\":{\"@id\":\"https:\/\/kodas.ee\/et\/#breadcrumb\"},\"inLanguage\":\"et\",\"potentialAction\":[{\"@type\":\"ReadAction\",\"target\":[\"https:\/\/kodas.ee\/et\/\"]}]},{\"@type\":\"BreadcrumbList\",\"@id\":\"https:\/\/kodas.ee\/et\/#breadcrumb\",\"itemListElement\":[{\"@type\":\"ListItem\",\"position\":1,\"name\":\"Home\",\"item\":\"https:\/\/kodas.ee\/et\/\"},{\"@type\":\"ListItem\",\"position\":2,\"name\":\"Home page\"}]},{\"@type\":\"WebSite\",\"@id\":\"https:\/\/kodas.ee\/et\/#website\",\"url\":\"https:\/\/kodas.ee\/et\/\",\"name\":\"Kodas | Maitsev ja j\u00e4tkusuutlik\",\"description\":\"Maailmaklassi siider t\u00e4is teadust\",\"publisher\":{\"@id\":\"https:\/\/kodas.ee\/et\/#organization\"},\"potentialAction\":[{\"@type\":\"SearchAction\",\"target\":{\"@type\":\"EntryPoint\",\"urlTemplate\":\"https:\/\/kodas.ee\/et\/?s={search_term_string}\"},\"query-input\":\"required name=search_term_string\"}],\"inLanguage\":\"et\"},{\"@type\":\"Organization\",\"@id\":\"https:\/\/kodas.ee\/et\/#organization\",\"name\":\"SIIDRIKODA O\u00dc\",\"url\":\"https:\/\/kodas.ee\/et\/\",\"logo\":{\"@type\":\"ImageObject\",\"inLanguage\":\"et\",\"@id\":\"https:\/\/kodas.ee\/et\/#\/schema\/logo\/image\/\",\"url\":\"https:\/\/kodas.ee\/wp-content\/uploads\/2021\/07\/cropped-favicon.png\",\"contentUrl\":\"https:\/\/kodas.ee\/wp-content\/uploads\/2021\/07\/cropped-favicon.png\",\"width\":512,\"height\":512,\"caption\":\"SIIDRIKODA O\u00dc\"},\"image\":{\"@id\":\"https:\/\/kodas.ee\/et\/#\/schema\/logo\/image\/\"}}]}<\/script>\n<!-- \/ Yoast SEO plugin. -->","yoast_head_json":{"title":"Home page | Kodas | Maitsev ja j\u00e4tkusuutlik","description":"Usume, et need, kes me oleme, on peegeldus sellest, mida me s\u00f6\u00f6me. Et kvaliteetsest toidust tuleb kvaliteetne elu.","robots":{"index":"index","follow":"follow","max-snippet":"max-snippet:-1","max-image-preview":"max-image-preview:large","max-video-preview":"max-video-preview:-1"},"canonical":"https:\/\/kodas.ee\/et\/","og_locale":"et_EE","og_type":"article","og_title":"Home page | Kodas | Maitsev ja j\u00e4tkusuutlik","og_description":"Usume, et need, kes me oleme, on peegeldus sellest, mida me s\u00f6\u00f6me. Et kvaliteetsest toidust tuleb kvaliteetne elu.","og_url":"https:\/\/kodas.ee\/et\/","og_site_name":"Kodas | Maitsev ja j\u00e4tkusuutlik","article_modified_time":"2026-03-20T15:40:38+00:00","og_image":[{"url":"https:\/\/kodas.ee\/wp-content\/uploads\/2021\/05\/branchApples.jpg"}],"twitter_card":"summary_large_image","twitter_image":"https:\/\/kodas.ee\/wp-content\/uploads\/2021\/05\/branchApples.jpg","schema":{"@context":"https:\/\/schema.org","@graph":[{"@type":"WebPage","@id":"https:\/\/kodas.ee\/et\/","url":"https:\/\/kodas.ee\/et\/","name":"Home page | Kodas | Maitsev ja j\u00e4tkusuutlik","isPartOf":{"@id":"https:\/\/kodas.ee\/et\/#website"},"datePublished":"2021-05-19T13:15:02+00:00","dateModified":"2026-03-20T15:40:38+00:00","description":"Usume, et need, kes me oleme, on peegeldus sellest, mida me s\u00f6\u00f6me. Et kvaliteetsest toidust tuleb kvaliteetne elu.","breadcrumb":{"@id":"https:\/\/kodas.ee\/et\/#breadcrumb"},"inLanguage":"et","potentialAction":[{"@type":"ReadAction","target":["https:\/\/kodas.ee\/et\/"]}]},{"@type":"BreadcrumbList","@id":"https:\/\/kodas.ee\/et\/#breadcrumb","itemListElement":[{"@type":"ListItem","position":1,"name":"Home","item":"https:\/\/kodas.ee\/et\/"},{"@type":"ListItem","position":2,"name":"Home page"}]},{"@type":"WebSite","@id":"https:\/\/kodas.ee\/et\/#website","url":"https:\/\/kodas.ee\/et\/","name":"Kodas | Maitsev ja j\u00e4tkusuutlik","description":"Maailmaklassi siider t\u00e4is teadust","publisher":{"@id":"https:\/\/kodas.ee\/et\/#organization"},"potentialAction":[{"@type":"SearchAction","target":{"@type":"EntryPoint","urlTemplate":"https:\/\/kodas.ee\/et\/?s={search_term_string}"},"query-input":"required name=search_term_string"}],"inLanguage":"et"},{"@type":"Organization","@id":"https:\/\/kodas.ee\/et\/#organization","name":"SIIDRIKODA O\u00dc","url":"https:\/\/kodas.ee\/et\/","logo":{"@type":"ImageObject","inLanguage":"et","@id":"https:\/\/kodas.ee\/et\/#\/schema\/logo\/image\/","url":"https:\/\/kodas.ee\/wp-content\/uploads\/2021\/07\/cropped-favicon.png","contentUrl":"https:\/\/kodas.ee\/wp-content\/uploads\/2021\/07\/cropped-favicon.png","width":512,"height":512,"caption":"SIIDRIKODA O\u00dc"},"image":{"@id":"https:\/\/kodas.ee\/et\/#\/schema\/logo\/image\/"}}]}},"_links":{"self":[{"href":"https:\/\/kodas.ee\/et\/wp-json\/wp\/v2\/pages\/876","targetHints":{"allow":["GET"]}}],"collection":[{"href":"https:\/\/kodas.ee\/et\/wp-json\/wp\/v2\/pages"}],"about":[{"href":"https:\/\/kodas.ee\/et\/wp-json\/wp\/v2\/types\/page"}],"author":[{"embeddable":true,"href":"https:\/\/kodas.ee\/et\/wp-json\/wp\/v2\/users\/1"}],"replies":[{"embeddable":true,"href":"https:\/\/kodas.ee\/et\/wp-json\/wp\/v2\/comments?post=876"}],"version-history":[{"count":26,"href":"https:\/\/kodas.ee\/et\/wp-json\/wp\/v2\/pages\/876\/revisions"}],"predecessor-version":[{"id":5595,"href":"https:\/\/kodas.ee\/et\/wp-json\/wp\/v2\/pages\/876\/revisions\/5595"}],"wp:attachment":[{"href":"https:\/\/kodas.ee\/et\/wp-json\/wp\/v2\/media?parent=876"}],"wp:term":[{"taxonomy":"folder","embeddable":true,"href":"https:\/\/kodas.ee\/et\/wp-json\/wp\/v2\/folder?post=876"}],"curies":[{"name":"wp","href":"https:\/\/api.w.org\/{rel}","templated":true}]}}