{"id":1382,"date":"2021-07-13T10:44:37","date_gmt":"2021-07-13T10:44:37","guid":{"rendered":"https:\/\/kodas.ee\/product\/folgisiider\/"},"modified":"2022-12-14T13:06:15","modified_gmt":"2022-12-14T13:06:15","slug":"folgisiider","status":"publish","type":"product","link":"https:\/\/kodas.ee\/et\/toode\/folgisiider\/","title":{"rendered":"Folgisiider"},"content":{"rendered":"","protected":false},"excerpt":{"rendered":"","protected":false},"featured_media":851,"template":"","meta":[],"product_cat":[104,105],"product_tag":[117],"class_list":["post-1382","product","type-product","status-publish","has-post-thumbnail","hentry","product_cat-joogid","product_cat-siidrid","product_tag-poolkuiv-siider"],"yoast_head":"<!-- This site is optimized with the Yoast SEO plugin v19.9 - https:\/\/yoast.com\/wordpress\/plugins\/seo\/ -->\n<title>Folgisiider | Kodas | Maitsev ja j\u00e4tkusuutlik<\/title>\n<meta name=\"description\" content=\"Poolkuiv siider, mis loob oman\u00e4olise maitsebuketi, selgelt eristudes nii Prantsuse kui Inglise koolkonnast. T\u00f5eline Eesti siider on s\u00fcndinud.\" \/>\n<meta name=\"robots\" content=\"index, follow, max-snippet:-1, max-image-preview:large, max-video-preview:-1\" \/>\n<link rel=\"canonical\" href=\"https:\/\/kodas.ee\/et\/toode\/folgisiider\/\" \/>\n<meta property=\"og:locale\" content=\"et_EE\" \/>\n<meta property=\"og:type\" content=\"article\" \/>\n<meta property=\"og:title\" content=\"Folgisiider | Kodas | Maitsev ja j\u00e4tkusuutlik\" \/>\n<meta property=\"og:description\" content=\"Poolkuiv siider, mis loob oman\u00e4olise maitsebuketi, selgelt eristudes nii Prantsuse kui Inglise koolkonnast. T\u00f5eline Eesti siider on s\u00fcndinud.\" \/>\n<meta property=\"og:url\" content=\"https:\/\/kodas.ee\/et\/toode\/folgisiider\/\" \/>\n<meta property=\"og:site_name\" content=\"Kodas | Maitsev ja j\u00e4tkusuutlik\" \/>\n<meta property=\"article:modified_time\" content=\"2022-12-14T13:06:15+00:00\" \/>\n<meta property=\"og:image\" content=\"https:\/\/kodas.ee\/wp-content\/uploads\/2021\/07\/Folgisiider-scaled.jpg\" \/>\n\t<meta property=\"og:image:width\" content=\"1828\" \/>\n\t<meta property=\"og:image:height\" content=\"2560\" \/>\n\t<meta property=\"og:image:type\" content=\"image\/jpeg\" \/>\n<meta name=\"twitter:card\" content=\"summary_large_image\" \/>\n<script type=\"application\/ld+json\" class=\"yoast-schema-graph\">{\"@context\":\"https:\/\/schema.org\",\"@graph\":[{\"@type\":\"WebPage\",\"@id\":\"https:\/\/kodas.ee\/et\/toode\/folgisiider\/\",\"url\":\"https:\/\/kodas.ee\/et\/toode\/folgisiider\/\",\"name\":\"Folgisiider | Kodas | Maitsev ja j\u00e4tkusuutlik\",\"isPartOf\":{\"@id\":\"https:\/\/kodas.ee\/et\/#website\"},\"datePublished\":\"2021-07-13T10:44:37+00:00\",\"dateModified\":\"2022-12-14T13:06:15+00:00\",\"description\":\"Poolkuiv siider, mis loob oman\u00e4olise maitsebuketi, selgelt eristudes nii Prantsuse kui Inglise koolkonnast. T\u00f5eline Eesti siider on s\u00fcndinud.\",\"breadcrumb\":{\"@id\":\"https:\/\/kodas.ee\/et\/toode\/folgisiider\/#breadcrumb\"},\"inLanguage\":\"et\",\"potentialAction\":[{\"@type\":\"ReadAction\",\"target\":[\"https:\/\/kodas.ee\/et\/toode\/folgisiider\/\"]}]},{\"@type\":\"BreadcrumbList\",\"@id\":\"https:\/\/kodas.ee\/et\/toode\/folgisiider\/#breadcrumb\",\"itemListElement\":[{\"@type\":\"ListItem\",\"position\":1,\"name\":\"Home\",\"item\":\"https:\/\/kodas.ee\/et\/\"},{\"@type\":\"ListItem\",\"position\":2,\"name\":\"Pood\",\"item\":\"https:\/\/kodas.ee\/et\/pood\/\"},{\"@type\":\"ListItem\",\"position\":3,\"name\":\"Folgisiider\"}]},{\"@type\":\"WebSite\",\"@id\":\"https:\/\/kodas.ee\/et\/#website\",\"url\":\"https:\/\/kodas.ee\/et\/\",\"name\":\"Kodas | Maitsev ja j\u00e4tkusuutlik\",\"description\":\"Maailmaklassi siider t\u00e4is teadust\",\"publisher\":{\"@id\":\"https:\/\/kodas.ee\/et\/#organization\"},\"potentialAction\":[{\"@type\":\"SearchAction\",\"target\":{\"@type\":\"EntryPoint\",\"urlTemplate\":\"https:\/\/kodas.ee\/et\/?s={search_term_string}\"},\"query-input\":\"required name=search_term_string\"}],\"inLanguage\":\"et\"},{\"@type\":\"Organization\",\"@id\":\"https:\/\/kodas.ee\/et\/#organization\",\"name\":\"SIIDRIKODA O\u00dc\",\"url\":\"https:\/\/kodas.ee\/et\/\",\"logo\":{\"@type\":\"ImageObject\",\"inLanguage\":\"et\",\"@id\":\"https:\/\/kodas.ee\/et\/#\/schema\/logo\/image\/\",\"url\":\"https:\/\/kodas.ee\/wp-content\/uploads\/2021\/07\/cropped-favicon.png\",\"contentUrl\":\"https:\/\/kodas.ee\/wp-content\/uploads\/2021\/07\/cropped-favicon.png\",\"width\":512,\"height\":512,\"caption\":\"SIIDRIKODA O\u00dc\"},\"image\":{\"@id\":\"https:\/\/kodas.ee\/et\/#\/schema\/logo\/image\/\"}}]}<\/script>\n<!-- \/ Yoast SEO plugin. -->","yoast_head_json":{"title":"Folgisiider | Kodas | Maitsev ja j\u00e4tkusuutlik","description":"Poolkuiv siider, mis loob oman\u00e4olise maitsebuketi, selgelt eristudes nii Prantsuse kui Inglise koolkonnast. T\u00f5eline Eesti siider on s\u00fcndinud.","robots":{"index":"index","follow":"follow","max-snippet":"max-snippet:-1","max-image-preview":"max-image-preview:large","max-video-preview":"max-video-preview:-1"},"canonical":"https:\/\/kodas.ee\/et\/toode\/folgisiider\/","og_locale":"et_EE","og_type":"article","og_title":"Folgisiider | Kodas | Maitsev ja j\u00e4tkusuutlik","og_description":"Poolkuiv siider, mis loob oman\u00e4olise maitsebuketi, selgelt eristudes nii Prantsuse kui Inglise koolkonnast. T\u00f5eline Eesti siider on s\u00fcndinud.","og_url":"https:\/\/kodas.ee\/et\/toode\/folgisiider\/","og_site_name":"Kodas | Maitsev ja j\u00e4tkusuutlik","article_modified_time":"2022-12-14T13:06:15+00:00","og_image":[{"width":1828,"height":2560,"url":"https:\/\/kodas.ee\/wp-content\/uploads\/2021\/07\/Folgisiider-scaled.jpg","type":"image\/jpeg"}],"twitter_card":"summary_large_image","schema":{"@context":"https:\/\/schema.org","@graph":[{"@type":"WebPage","@id":"https:\/\/kodas.ee\/et\/toode\/folgisiider\/","url":"https:\/\/kodas.ee\/et\/toode\/folgisiider\/","name":"Folgisiider | Kodas | Maitsev ja j\u00e4tkusuutlik","isPartOf":{"@id":"https:\/\/kodas.ee\/et\/#website"},"datePublished":"2021-07-13T10:44:37+00:00","dateModified":"2022-12-14T13:06:15+00:00","description":"Poolkuiv siider, mis loob oman\u00e4olise maitsebuketi, selgelt eristudes nii Prantsuse kui Inglise koolkonnast. T\u00f5eline Eesti siider on s\u00fcndinud.","breadcrumb":{"@id":"https:\/\/kodas.ee\/et\/toode\/folgisiider\/#breadcrumb"},"inLanguage":"et","potentialAction":[{"@type":"ReadAction","target":["https:\/\/kodas.ee\/et\/toode\/folgisiider\/"]}]},{"@type":"BreadcrumbList","@id":"https:\/\/kodas.ee\/et\/toode\/folgisiider\/#breadcrumb","itemListElement":[{"@type":"ListItem","position":1,"name":"Home","item":"https:\/\/kodas.ee\/et\/"},{"@type":"ListItem","position":2,"name":"Pood","item":"https:\/\/kodas.ee\/et\/pood\/"},{"@type":"ListItem","position":3,"name":"Folgisiider"}]},{"@type":"WebSite","@id":"https:\/\/kodas.ee\/et\/#website","url":"https:\/\/kodas.ee\/et\/","name":"Kodas | Maitsev ja j\u00e4tkusuutlik","description":"Maailmaklassi siider t\u00e4is teadust","publisher":{"@id":"https:\/\/kodas.ee\/et\/#organization"},"potentialAction":[{"@type":"SearchAction","target":{"@type":"EntryPoint","urlTemplate":"https:\/\/kodas.ee\/et\/?s={search_term_string}"},"query-input":"required name=search_term_string"}],"inLanguage":"et"},{"@type":"Organization","@id":"https:\/\/kodas.ee\/et\/#organization","name":"SIIDRIKODA O\u00dc","url":"https:\/\/kodas.ee\/et\/","logo":{"@type":"ImageObject","inLanguage":"et","@id":"https:\/\/kodas.ee\/et\/#\/schema\/logo\/image\/","url":"https:\/\/kodas.ee\/wp-content\/uploads\/2021\/07\/cropped-favicon.png","contentUrl":"https:\/\/kodas.ee\/wp-content\/uploads\/2021\/07\/cropped-favicon.png","width":512,"height":512,"caption":"SIIDRIKODA O\u00dc"},"image":{"@id":"https:\/\/kodas.ee\/et\/#\/schema\/logo\/image\/"}}]}},"_links":{"self":[{"href":"https:\/\/kodas.ee\/et\/wp-json\/wp\/v2\/product\/1382","targetHints":{"allow":["GET"]}}],"collection":[{"href":"https:\/\/kodas.ee\/et\/wp-json\/wp\/v2\/product"}],"about":[{"href":"https:\/\/kodas.ee\/et\/wp-json\/wp\/v2\/types\/product"}],"wp:featuredmedia":[{"embeddable":true,"href":"https:\/\/kodas.ee\/et\/wp-json\/wp\/v2\/media\/851"}],"wp:attachment":[{"href":"https:\/\/kodas.ee\/et\/wp-json\/wp\/v2\/media?parent=1382"}],"wp:term":[{"taxonomy":"product_cat","embeddable":true,"href":"https:\/\/kodas.ee\/et\/wp-json\/wp\/v2\/product_cat?post=1382"},{"taxonomy":"product_tag","embeddable":true,"href":"https:\/\/kodas.ee\/et\/wp-json\/wp\/v2\/product_tag?post=1382"}],"curies":[{"name":"wp","href":"https:\/\/api.w.org\/{rel}","templated":true}]}}