{"id":5604,"date":"2026-04-17T09:02:47","date_gmt":"2026-04-17T09:02:47","guid":{"rendered":"https:\/\/kodas.ee\/?post_type=product&#038;p=5604"},"modified":"2026-04-17T10:53:33","modified_gmt":"2026-04-17T10:53:33","slug":"pommeau","status":"publish","type":"product","link":"https:\/\/kodas.ee\/et\/toode\/pommeau\/","title":{"rendered":"Pommeau"},"content":{"rendered":"","protected":false},"excerpt":{"rendered":"","protected":false},"featured_media":5608,"template":"","meta":[],"product_cat":[104,136,177],"product_tag":[178],"class_list":["post-5604","product","type-product","status-publish","has-post-thumbnail","hentry","product_cat-joogid","product_cat-eripakkumised","product_cat-kange","product_tag-ouna-likoorvein"],"yoast_head":"<!-- This site is optimized with the Yoast SEO plugin v19.9 - https:\/\/yoast.com\/wordpress\/plugins\/seo\/ -->\n<title>Pommeau | Kodas | Maitsev ja j\u00e4tkusuutlik<\/title>\n<meta name=\"description\" content=\"RESERVE VS on Kodase parimatest siidri\u00f5untest k\u00e4\u00e4ritatud ja destilleeritud br\u00e4ndi. Kaks aastat v\u00e4iksemates tammevaatides k\u00fcpsenud jook on oma noore ea kohta \u00f5rn, elegantne ja elav. Temas on tunda tasakaalukalt tamme ning meeldivad karamelli ja vanilje noodid, millele loob aluse v\u00e4rske ja s\u00fcgav \u00f5una h\u00f5ng. Reserve on oma loomult kerge, tasakaalukas ning isikup\u00e4rane \u00f5unabr\u00e4ndi, milles on selgelt tunda Kodase parimate siidri\u00f5unte iseloom.\" \/>\n<meta name=\"robots\" content=\"index, follow, max-snippet:-1, max-image-preview:large, max-video-preview:-1\" \/>\n<link rel=\"canonical\" href=\"https:\/\/kodas.ee\/et\/toode\/pommeau\/\" \/>\n<meta property=\"og:locale\" content=\"et_EE\" \/>\n<meta property=\"og:type\" content=\"article\" \/>\n<meta property=\"og:title\" content=\"Pommeau | Kodas | Maitsev ja j\u00e4tkusuutlik\" \/>\n<meta property=\"og:description\" content=\"RESERVE VS on Kodase parimatest siidri\u00f5untest k\u00e4\u00e4ritatud ja destilleeritud br\u00e4ndi. Kaks aastat v\u00e4iksemates tammevaatides k\u00fcpsenud jook on oma noore ea kohta \u00f5rn, elegantne ja elav. Temas on tunda tasakaalukalt tamme ning meeldivad karamelli ja vanilje noodid, millele loob aluse v\u00e4rske ja s\u00fcgav \u00f5una h\u00f5ng. Reserve on oma loomult kerge, tasakaalukas ning isikup\u00e4rane \u00f5unabr\u00e4ndi, milles on selgelt tunda Kodase parimate siidri\u00f5unte iseloom.\" \/>\n<meta property=\"og:url\" content=\"https:\/\/kodas.ee\/et\/toode\/pommeau\/\" \/>\n<meta property=\"og:site_name\" content=\"Kodas | Maitsev ja j\u00e4tkusuutlik\" \/>\n<meta property=\"article:modified_time\" content=\"2026-04-17T10:53:33+00:00\" \/>\n<meta property=\"og:image\" content=\"https:\/\/kodas.ee\/wp-content\/uploads\/2026\/04\/Pommeau-NB.webp\" \/>\n\t<meta property=\"og:image:width\" content=\"1920\" \/>\n\t<meta property=\"og:image:height\" content=\"1920\" \/>\n\t<meta property=\"og:image:type\" content=\"image\/webp\" \/>\n<meta name=\"twitter:card\" content=\"summary_large_image\" \/>\n<script type=\"application\/ld+json\" class=\"yoast-schema-graph\">{\"@context\":\"https:\/\/schema.org\",\"@graph\":[{\"@type\":\"WebPage\",\"@id\":\"https:\/\/kodas.ee\/et\/toode\/pommeau\/\",\"url\":\"https:\/\/kodas.ee\/et\/toode\/pommeau\/\",\"name\":\"Pommeau | Kodas | Maitsev ja j\u00e4tkusuutlik\",\"isPartOf\":{\"@id\":\"https:\/\/kodas.ee\/et\/#website\"},\"datePublished\":\"2026-04-17T09:02:47+00:00\",\"dateModified\":\"2026-04-17T10:53:33+00:00\",\"description\":\"RESERVE VS on Kodase parimatest siidri\u00f5untest k\u00e4\u00e4ritatud ja destilleeritud br\u00e4ndi. Kaks aastat v\u00e4iksemates tammevaatides k\u00fcpsenud jook on oma noore ea kohta \u00f5rn, elegantne ja elav. Temas on tunda tasakaalukalt tamme ning meeldivad karamelli ja vanilje noodid, millele loob aluse v\u00e4rske ja s\u00fcgav \u00f5una h\u00f5ng. Reserve on oma loomult kerge, tasakaalukas ning isikup\u00e4rane \u00f5unabr\u00e4ndi, milles on selgelt tunda Kodase parimate siidri\u00f5unte iseloom.\",\"breadcrumb\":{\"@id\":\"https:\/\/kodas.ee\/et\/toode\/pommeau\/#breadcrumb\"},\"inLanguage\":\"et\",\"potentialAction\":[{\"@type\":\"ReadAction\",\"target\":[\"https:\/\/kodas.ee\/et\/toode\/pommeau\/\"]}]},{\"@type\":\"BreadcrumbList\",\"@id\":\"https:\/\/kodas.ee\/et\/toode\/pommeau\/#breadcrumb\",\"itemListElement\":[{\"@type\":\"ListItem\",\"position\":1,\"name\":\"Home\",\"item\":\"https:\/\/kodas.ee\/et\/\"},{\"@type\":\"ListItem\",\"position\":2,\"name\":\"Pood\",\"item\":\"https:\/\/kodas.ee\/et\/pood\/\"},{\"@type\":\"ListItem\",\"position\":3,\"name\":\"Pommeau\"}]},{\"@type\":\"WebSite\",\"@id\":\"https:\/\/kodas.ee\/et\/#website\",\"url\":\"https:\/\/kodas.ee\/et\/\",\"name\":\"Kodas | Maitsev ja j\u00e4tkusuutlik\",\"description\":\"Maailmaklassi siider t\u00e4is teadust\",\"publisher\":{\"@id\":\"https:\/\/kodas.ee\/et\/#organization\"},\"potentialAction\":[{\"@type\":\"SearchAction\",\"target\":{\"@type\":\"EntryPoint\",\"urlTemplate\":\"https:\/\/kodas.ee\/et\/?s={search_term_string}\"},\"query-input\":\"required name=search_term_string\"}],\"inLanguage\":\"et\"},{\"@type\":\"Organization\",\"@id\":\"https:\/\/kodas.ee\/et\/#organization\",\"name\":\"SIIDRIKODA O\u00dc\",\"url\":\"https:\/\/kodas.ee\/et\/\",\"logo\":{\"@type\":\"ImageObject\",\"inLanguage\":\"et\",\"@id\":\"https:\/\/kodas.ee\/et\/#\/schema\/logo\/image\/\",\"url\":\"https:\/\/kodas.ee\/wp-content\/uploads\/2021\/07\/cropped-favicon.png\",\"contentUrl\":\"https:\/\/kodas.ee\/wp-content\/uploads\/2021\/07\/cropped-favicon.png\",\"width\":512,\"height\":512,\"caption\":\"SIIDRIKODA O\u00dc\"},\"image\":{\"@id\":\"https:\/\/kodas.ee\/et\/#\/schema\/logo\/image\/\"}}]}<\/script>\n<!-- \/ Yoast SEO plugin. -->","yoast_head_json":{"title":"Pommeau | Kodas | Maitsev ja j\u00e4tkusuutlik","description":"RESERVE VS on Kodase parimatest siidri\u00f5untest k\u00e4\u00e4ritatud ja destilleeritud br\u00e4ndi. Kaks aastat v\u00e4iksemates tammevaatides k\u00fcpsenud jook on oma noore ea kohta \u00f5rn, elegantne ja elav. Temas on tunda tasakaalukalt tamme ning meeldivad karamelli ja vanilje noodid, millele loob aluse v\u00e4rske ja s\u00fcgav \u00f5una h\u00f5ng. Reserve on oma loomult kerge, tasakaalukas ning isikup\u00e4rane \u00f5unabr\u00e4ndi, milles on selgelt tunda Kodase parimate siidri\u00f5unte iseloom.","robots":{"index":"index","follow":"follow","max-snippet":"max-snippet:-1","max-image-preview":"max-image-preview:large","max-video-preview":"max-video-preview:-1"},"canonical":"https:\/\/kodas.ee\/et\/toode\/pommeau\/","og_locale":"et_EE","og_type":"article","og_title":"Pommeau | Kodas | Maitsev ja j\u00e4tkusuutlik","og_description":"RESERVE VS on Kodase parimatest siidri\u00f5untest k\u00e4\u00e4ritatud ja destilleeritud br\u00e4ndi. Kaks aastat v\u00e4iksemates tammevaatides k\u00fcpsenud jook on oma noore ea kohta \u00f5rn, elegantne ja elav. Temas on tunda tasakaalukalt tamme ning meeldivad karamelli ja vanilje noodid, millele loob aluse v\u00e4rske ja s\u00fcgav \u00f5una h\u00f5ng. Reserve on oma loomult kerge, tasakaalukas ning isikup\u00e4rane \u00f5unabr\u00e4ndi, milles on selgelt tunda Kodase parimate siidri\u00f5unte iseloom.","og_url":"https:\/\/kodas.ee\/et\/toode\/pommeau\/","og_site_name":"Kodas | Maitsev ja j\u00e4tkusuutlik","article_modified_time":"2026-04-17T10:53:33+00:00","og_image":[{"width":1920,"height":1920,"url":"https:\/\/kodas.ee\/wp-content\/uploads\/2026\/04\/Pommeau-NB.webp","type":"image\/webp"}],"twitter_card":"summary_large_image","schema":{"@context":"https:\/\/schema.org","@graph":[{"@type":"WebPage","@id":"https:\/\/kodas.ee\/et\/toode\/pommeau\/","url":"https:\/\/kodas.ee\/et\/toode\/pommeau\/","name":"Pommeau | Kodas | Maitsev ja j\u00e4tkusuutlik","isPartOf":{"@id":"https:\/\/kodas.ee\/et\/#website"},"datePublished":"2026-04-17T09:02:47+00:00","dateModified":"2026-04-17T10:53:33+00:00","description":"RESERVE VS on Kodase parimatest siidri\u00f5untest k\u00e4\u00e4ritatud ja destilleeritud br\u00e4ndi. Kaks aastat v\u00e4iksemates tammevaatides k\u00fcpsenud jook on oma noore ea kohta \u00f5rn, elegantne ja elav. Temas on tunda tasakaalukalt tamme ning meeldivad karamelli ja vanilje noodid, millele loob aluse v\u00e4rske ja s\u00fcgav \u00f5una h\u00f5ng. Reserve on oma loomult kerge, tasakaalukas ning isikup\u00e4rane \u00f5unabr\u00e4ndi, milles on selgelt tunda Kodase parimate siidri\u00f5unte iseloom.","breadcrumb":{"@id":"https:\/\/kodas.ee\/et\/toode\/pommeau\/#breadcrumb"},"inLanguage":"et","potentialAction":[{"@type":"ReadAction","target":["https:\/\/kodas.ee\/et\/toode\/pommeau\/"]}]},{"@type":"BreadcrumbList","@id":"https:\/\/kodas.ee\/et\/toode\/pommeau\/#breadcrumb","itemListElement":[{"@type":"ListItem","position":1,"name":"Home","item":"https:\/\/kodas.ee\/et\/"},{"@type":"ListItem","position":2,"name":"Pood","item":"https:\/\/kodas.ee\/et\/pood\/"},{"@type":"ListItem","position":3,"name":"Pommeau"}]},{"@type":"WebSite","@id":"https:\/\/kodas.ee\/et\/#website","url":"https:\/\/kodas.ee\/et\/","name":"Kodas | Maitsev ja j\u00e4tkusuutlik","description":"Maailmaklassi siider t\u00e4is teadust","publisher":{"@id":"https:\/\/kodas.ee\/et\/#organization"},"potentialAction":[{"@type":"SearchAction","target":{"@type":"EntryPoint","urlTemplate":"https:\/\/kodas.ee\/et\/?s={search_term_string}"},"query-input":"required name=search_term_string"}],"inLanguage":"et"},{"@type":"Organization","@id":"https:\/\/kodas.ee\/et\/#organization","name":"SIIDRIKODA O\u00dc","url":"https:\/\/kodas.ee\/et\/","logo":{"@type":"ImageObject","inLanguage":"et","@id":"https:\/\/kodas.ee\/et\/#\/schema\/logo\/image\/","url":"https:\/\/kodas.ee\/wp-content\/uploads\/2021\/07\/cropped-favicon.png","contentUrl":"https:\/\/kodas.ee\/wp-content\/uploads\/2021\/07\/cropped-favicon.png","width":512,"height":512,"caption":"SIIDRIKODA O\u00dc"},"image":{"@id":"https:\/\/kodas.ee\/et\/#\/schema\/logo\/image\/"}}]}},"_links":{"self":[{"href":"https:\/\/kodas.ee\/et\/wp-json\/wp\/v2\/product\/5604","targetHints":{"allow":["GET"]}}],"collection":[{"href":"https:\/\/kodas.ee\/et\/wp-json\/wp\/v2\/product"}],"about":[{"href":"https:\/\/kodas.ee\/et\/wp-json\/wp\/v2\/types\/product"}],"wp:featuredmedia":[{"embeddable":true,"href":"https:\/\/kodas.ee\/et\/wp-json\/wp\/v2\/media\/5608"}],"wp:attachment":[{"href":"https:\/\/kodas.ee\/et\/wp-json\/wp\/v2\/media?parent=5604"}],"wp:term":[{"taxonomy":"product_cat","embeddable":true,"href":"https:\/\/kodas.ee\/et\/wp-json\/wp\/v2\/product_cat?post=5604"},{"taxonomy":"product_tag","embeddable":true,"href":"https:\/\/kodas.ee\/et\/wp-json\/wp\/v2\/product_tag?post=5604"}],"curies":[{"name":"wp","href":"https:\/\/api.w.org\/{rel}","templated":true}]}}